{"id":154,"date":"2025-01-03T12:44:38","date_gmt":"2025-01-03T15:44:38","guid":{"rendered":"https:\/\/becas.unsa.edu.ar\/wp\/?page_id=154"},"modified":"2025-10-27T09:38:52","modified_gmt":"2025-10-27T12:38:52","slug":"descargas","status":"publish","type":"page","link":"https:\/\/becas.unsa.edu.ar\/wp\/descargas\/","title":{"rendered":"Descargas"},"content":{"rendered":"\n<h2 class=\"wp-block-heading\">DDJJ<\/h2>\n\n\n\n<p>Formulario de Declaraci\u00f3n Jurada de Ingresos.<\/p>\n\n\n\n<figure class=\"wp-block-image size-full is-resized\"><a href=\"https:\/\/becas.unsa.edu.ar\/wp\/wp-content\/uploads\/2025\/01\/ddjj_Ingresos_Def2.pdf\" target=\"_blank\" rel=\" noreferrer noopener\"><img fetchpriority=\"high\" decoding=\"async\" width=\"250\" height=\"300\" src=\"https:\/\/becas.unsa.edu.ar\/wp\/wp-content\/uploads\/2025\/01\/icono-PDF-250x300-1.png\" alt=\"\" class=\"wp-image-156\" style=\"width:112px;height:auto\"\/><\/a><\/figure>\n\n\n\n<p><\/p>\n\n\n\n<h2 class=\"wp-block-heading\">Nota de Reconsideraci\u00f3n<\/h2>\n\n\n\n<p>Modelo de Nota de Reconsideraci\u00f3n<\/p>\n\n\n\n<figure class=\"wp-block-image size-full is-resized\"><a href=\"https:\/\/becas.unsa.edu.ar\/wp\/wp-content\/uploads\/2025\/03\/nota_reconsideracion_d.pdf\" target=\"_blank\" rel=\" noreferrer noopener\"><img fetchpriority=\"high\" decoding=\"async\" width=\"250\" height=\"300\" src=\"https:\/\/becas.unsa.edu.ar\/wp\/wp-content\/uploads\/2025\/01\/icono-PDF-250x300-1.png\" alt=\"\" class=\"wp-image-156\" style=\"width:112px;height:auto\"\/><\/a><\/figure>\n\n\n\n<h2 class=\"wp-block-heading\">Control Acad\u00e9mico (estar\u00e1 habilitado a partir del 27\/10\/25)<\/h2>\n\n\n\n<p>El Control Acad\u00e9mico de Noviembre deber\u00e1n presentarlo del 3 al 14 de noviembre de 2025.<\/p>\n\n\n\n<figure class=\"wp-block-image size-full is-resized\"><a href=\"https:\/\/becas.unsa.edu.ar\/wp\/wp-content\/uploads\/2025\/10\/Control-Academico-Noviembre-2025.pdf\" target=\"_blank\" rel=\" noreferrer noopener\"><img fetchpriority=\"high\" decoding=\"async\" width=\"250\" height=\"300\" src=\"https:\/\/becas.unsa.edu.ar\/wp\/wp-content\/uploads\/2025\/01\/icono-PDF-250x300-1.png\" alt=\"\" class=\"wp-image-156\" style=\"width:112px;height:auto\"\/><\/a><\/figure>\n\n\n\n<h2 class=\"wp-block-heading\">Formulario de Renuncia a la\/s Beca\/s<\/h2>\n\n\n\n<figure class=\"wp-block-image size-full is-resized\"><a href=\"https:\/\/becas.unsa.edu.ar\/wp\/wp-content\/uploads\/2025\/05\/Renuncia-Beca.pdf\" target=\"_blank\" rel=\" noreferrer noopener\"><img fetchpriority=\"high\" decoding=\"async\" width=\"250\" height=\"300\" src=\"https:\/\/becas.unsa.edu.ar\/wp\/wp-content\/uploads\/2025\/01\/icono-PDF-250x300-1.png\" alt=\"\" class=\"wp-image-156\" style=\"width:112px;height:auto\"\/><\/a><\/figure>\n\n\n\n<h2 class=\"wp-block-heading\">Control Acad\u00e9mico de Ingresantes<\/h2>\n\n\n\n<figure class=\"wp-block-image size-full is-resized\"><a href=\"https:\/\/becas.unsa.edu.ar\/wp\/wp-content\/uploads\/2025\/06\/Control-Academico-Junio-2025-INGRESANTES.pdf\" target=\"_blank\" rel=\" noreferrer noopener\"><img decoding=\"async\" width=\"250\" height=\"300\" src=\"https:\/\/becas.unsa.edu.ar\/wp\/wp-content\/uploads\/2025\/01\/icono-PDF-250x300-1.png\" alt=\"\" class=\"wp-image-156\" style=\"width:117px;height:auto\"\/><\/a><\/figure>\n\n\n\n<p><\/p>\n","protected":false},"excerpt":{"rendered":"<p>DDJJ Formulario de Declaraci\u00f3n Jurada de Ingresos. Nota de Reconsideraci\u00f3n Modelo de Nota de Reconsideraci\u00f3n&#8230;<\/p>\n","protected":false},"author":1,"featured_media":0,"parent":0,"menu_order":0,"comment_status":"closed","ping_status":"closed","template":"","meta":{"footnotes":""},"class_list":["post-154","page","type-page","status-publish","hentry"],"_links":{"self":[{"href":"https:\/\/becas.unsa.edu.ar\/wp\/wp-json\/wp\/v2\/pages\/154","targetHints":{"allow":["GET"]}}],"collection":[{"href":"https:\/\/becas.unsa.edu.ar\/wp\/wp-json\/wp\/v2\/pages"}],"about":[{"href":"https:\/\/becas.unsa.edu.ar\/wp\/wp-json\/wp\/v2\/types\/page"}],"author":[{"embeddable":true,"href":"https:\/\/becas.unsa.edu.ar\/wp\/wp-json\/wp\/v2\/users\/1"}],"replies":[{"embeddable":true,"href":"https:\/\/becas.unsa.edu.ar\/wp\/wp-json\/wp\/v2\/comments?post=154"}],"version-history":[{"count":19,"href":"https:\/\/becas.unsa.edu.ar\/wp\/wp-json\/wp\/v2\/pages\/154\/revisions"}],"predecessor-version":[{"id":425,"href":"https:\/\/becas.unsa.edu.ar\/wp\/wp-json\/wp\/v2\/pages\/154\/revisions\/425"}],"wp:attachment":[{"href":"https:\/\/becas.unsa.edu.ar\/wp\/wp-json\/wp\/v2\/media?parent=154"}],"curies":[{"name":"wp","href":"https:\/\/api.w.org\/{rel}","templated":true}]}}